{"id":746,"date":"2021-07-06T11:09:50","date_gmt":"2021-07-06T09:09:50","guid":{"rendered":"https:\/\/www.anastasiapiccolamaesta.com\/privacy-policy\/"},"modified":"2021-07-06T11:09:50","modified_gmt":"2021-07-06T09:09:50","slug":"privacy-policy","status":"publish","type":"page","link":"https:\/\/www.anastasiapiccolamaesta.com\/en\/privacy-policy\/","title":{"rendered":"Privacy policy"},"content":{"rendered":"\r\n<h2><\/h2>\r\n<p>Versione aggiornata al GDPR 2016\/679<\/p>\r\n<p>Vers.1.0<\/p>\r\n<p>INTRODUZIONE<br \/>Lo scopo delle Note Legali e della Privacy Policy \u00e8 quello di garantire all\u2019Utente di poter verificare in piena trasparenza le attivit\u00e0 di trattamento dei Suoi dati nel web accanto all\u2019importanza di essersi rivolto ad una realt\u00e0 attenta alla tutela dei diritti degli Utenti, abituata alla disciplina della corretta osservanza delle disposizioni di legge. Si precisa che il testo di seguito riportato ottempera alle recenti norme del GDPR 2016\/679. GIRASOLE S.r.l. quale Titolare del Trattamento dei Dati aziendali e quale proprietaria del dominio e sito web provvede a fornire agli utenti che si connettono a www.anastasiapiccolamaesta.com le regole per un uso corretto e autorizzato delle foto, delle immagini, del testo e di ogni altro documento qui pubblicato. Queste Note Legali sono suddivise in differenti sezioni identificative degli attuali ambiti di regolamentazione definiti da questa azienda. Inoltre con il termine Dato Aziendale si fa riferimento in questo contesto a qualsiasi tipo di informazione che viene elaborata, acquisita, conosciuta, elaborata, comunicata ed estratta nelle pagine del sito www.anastasiapiccolamaesta.com; non sono comprese informazioni provenienti da link di altri siti. E\u2019 importante sottolineare che quanto di seguito descritto pu\u00f2 formare oggetto di revisione ed integrazione da parte di codesta ditta ogniqualvolta ne sorgano i presupposti; a tal riguardo e per fini di trasparenza verso l\u2019utente, nella copertina iniziale viene riportato il numero corrispondente alla versione in essere (attualmente corrispondente alla vers. 1.0)<\/p>\r\n<p>All\u2019interno del testo Note Legali sono descritti anche i diritti di navigazione dell\u2019utente.<\/p>\r\n<p>TUTELA DEL MARCHIO E DEI DIRITTI DELLA PROPRIETA\u2019 INTELLETTUALE<br \/>GIRASOLE S.r.l. rappresenta non solo la denominazione del Titolare, ma anche il suo marchio. La tutela giuridica viene qui estesa anche al dominio in base al riconoscimento ricevuto dal legislatore con il nuovo Codice della Propriet\u00e0 Industriale (D.lgs. 30\/2005). Infatti la nuova disciplina legislativa consente di difendere il nome a dominio dagli atti di contraffazione e di usurpazione posti in essere da terzi, prevedendo sia il giudizio ordinario che la tutela cautelare. In particolare l\u2019art. 133 C.P.I. consente all\u2019autorit\u00e0 giudiziaria di disporre l\u2019inibitoria dell\u2019uso del dominio illegittimamente registrato, oppure il suo trasferimento provvisorio, se del caso subordinato alla prestazione di idonea cauzione da parte del beneficiario del provvedimento. Alla luce di quanto sopra menzionato il sito ed i suoi contenuti sono di esclusiva propriet\u00e0 della societ\u00e0 titolare che si riserva la facolt\u00e0 di concedere a terzi un eventuale diritto all\u2019uso. E\u2019 vietata qualsiasi attivit\u00e0 di copia, di download, di riproduzione in tutto o in parte dei contenuti pubblicati in questo sito internet salvo che non sia espressamente indicata la possibilit\u00e0 di effettuare una delle operazioni appena citate. L\u2019utente \u00e8, dunque, autorizzato unicamente a visualizzare il sito ed a compiere tutti quegli atti di riproduzione temporanei, privi di rilievo economico proprio, che sono considerati transitori o accessori, parte integrante ed essenziale della stessa visualizzazione www.anastasiapiccolamaesta.com e dei suoi contenuti e tutte le altre operazioni di navigazione che siano eseguite solo per un uso legittimo. Le tutele sul copyright hanno valenza esclusiva per questo sito internet. Per quanto attiene alla regolamentazione dei link, \u00e8 necessario precisare che attualmente all\u2019interno del sito www.anastasiapiccolamaesta.com non sono presenti collegamenti con altri siti internet. Nel caso in cui dovessero, in futuro sussistere dei link esterni, la GIRASOLE S.r.l. non controlla n\u00e9 compie operazioni di monitoraggio di tali siti web e dei loro contenuti e non potr\u00e0 pertanto essere ritenuta responsabile dei contenuti di questi siti e delle regole da questi adottate anche con riguardo alla sua privacy e al trattamento dei suoi dati personali durante le operazioni di navigazione. La scrivente considera legittimo il \u201csurface linking\u201d cio\u00e8 il classico link che consiste nel trasferire il visitatore nella home page di un altro sito; invece non sono autorizzati il \u201cdeep linking\u201d e il \u201cframing\u201d potenziali oggetti di responsabilit\u00e0 rispettivamente per violazione del diritto di autore e concorrenza sleale.<\/p>\r\n<p>TRASPARENZA E COMPLETEZZA DELL\u2019INFORMAZIONE<br \/>GIRASOLE S.r.l. garantisce una trasparenza, una completa ed un\u2019accurata attivit\u00e0 di comunicazione espletata nei confronti di tutti coloro con cui interagisce. Le informazioni sono conformi agli standard di chiarezza e veridicit\u00e0 dettati dalla disciplina della trasparenza verso il Cliente e nel pieno rispetto dei principi contenuti nella tutela del consumatore. Attualmente il sito \u00e8 disponibile in lingua italiana.<\/p>\r\n<p>RISERVATEZZA DELLE INFORMAZIONI<br \/>Alla riservatezza e sicurezza dei dati la GIRASOLE S.r.l. dedica molta importanza attraverso la messa a punto di specifici programmi interni di controllo e ben definite policy. Le misure di sicurezza vengono attuate sia nel caso di gestione cartacea che elettronica.<\/p>\r\n<p>PRIVACY POLICY<br \/>In questa pagina vengono descritte le modalit\u00e0 di gestione del sito riguardo il trattamento dei dati personali degli utenti che lo consultano. L\u2019informativa \u00e8 resa solo per il sito www.anastasiapiccolamaesta.com .e non anche per altri siti web eventualmente consultati dall\u2019utente tramite link.<\/p>\r\n<p>CONCETTO DI DATO DEL CLIENTE<br \/>Nell\u2019ambito del presente contesto con il termine dato del cliente s\u2019intende l\u2019insieme delle informazioni rilasciate liberamente dall\u2019utente-cliente o dal potenziale utente-cliente negli appositi moduli presenti nel sito www.anastasiapiccolamaesta.com . Tali dati comprendono anche alcuni elementi identificativi relativi a indirizzi di posta elettronica ordinaria ed a valore legale, numeri di telefonia mobile e domicilio necessari l\u2019acquisizione dell\u2019interesse del Cliente. Per quanto attiene alla tipologia di informazioni acquisite si precisa che esse fanno riferimento unicamente a quanto contenuto nelle corrispondenti sessioni del sito www.anastasiapiccolamaesta.com ; non vengono elaborati e conservati dati difformi da quanto pubblicato on line. Nell\u2019ambito del presente contesto con il termine dato del cliente s\u2019intende l\u2019insieme delle informazioni rilasciate liberamente dall\u2019utente-cliente o dal potenziale utente-cliente negli appositi moduli presenti nei siti www.anastasiapiccolamaesta.com ; Tali dati comprendono anche alcuni elementi identificativi relativi a indirizzi di posta elettronica ordinaria ed a valore legale, numeri di telefonia mobile e domicilio necessari l\u2019acquisizione dell\u2019interesse del Cliente. Per quanto attiene alla tipologia di informazioni acquisite si precisa che esse fanno riferimento unicamente a quanto contenuto nelle corrispondenti sessioni dei siti www.anastasiapiccolamaesta.com ;non vengono elaborati e conservati dati difformi da quanto pubblicato on line.<\/p>\r\n<p>TIPOLOGIE DI DATI<br \/>Fra i Dati Personali raccolti da questa Applicazione, in modo autonomo o tramite terze parti, ci sono:<br \/>Nome e cognome,<br \/>Numero di telefono,<br \/>Indirizzo Email,<br \/>Indirizzo,<br \/>Citt\u00e0,<br \/>Provincia,<br \/>Nazione,<br \/>Sito web,<br \/>Cookie,<br \/>Dati di utilizzo,<br \/>Indirizzo IP<\/p>\r\n<p>TITOLARE DEL TRATTAMENTO<br \/>Ai fini dei principi di trasparenza e di correttezza sanciti dal Codice della Privacy si configura una titolarit\u00e0 di trattamento appartenente direttamente alla GIRASOLE S.r.l. i cui dati completi sono riportati nella home page. Il dominio \u00e8 di propriet\u00e0 della stessa titolare a cui risulta regolarmente intestato. Il recapito email per comunicazioni \u00e8: info@anastasiapiccolamaesta.com; girasolecivitanova@gmail.com<\/p>\r\n<p>LUOGO DI TRATTAMENTO DEI DATI<br \/>I dati vengono conservati presso un provider esterno cui compete la responsabilit\u00e0 del funzionamento e della sicurezza e che, in caso di violazioni, \u00e8 soggetto alle responsabilit\u00e0 dettate dalle specifiche norme del settore.<\/p>\r\n<p>TIPI DI DATI TRATTATI<\/p>\r\n<p>Dati di navigazione<br \/>I sistemi informatici e le procedure software preposte al funzionamento di questo sito web acquisiscono, nel corso del normale esercizio, alcuni dati personali la cui trasmissione \u00e8 implicita nell\u2019uso dei protocolli di comunicazione di internet. In questa categoria vengono compresi gli indirizzi IP o i nomi a dominio dei computer utilizzati dagli utenti che si connettono al sito, gli indirizzi in notazione URI (Uniform Resource Identifier) delle risorse richieste, il codice numerico indicante lo stato della risposta data dal server (es. buon fine, errore) ed altri parametri relativi al sistema operativo ed all\u2019ambiente informatico dell\u2019utente. Tali dati potrebbero essere utilizzati per l\u2019accertamento di responsabilit\u00e0 in caso di ipotetici reati informatici ai danni del sito.<\/p>\r\n<p>Dati forniti volontariamente dall\u2019utente<\/p>\r\n<p>L\u2019invio facoltativo, esplicito e volontario di posta elettronica agli indirizzi indicati su questo sito comporta la successiva acquisizione dell\u2019indirizzo del mittente, necessario per rispondere alle richieste, nonch\u00e9 degli eventuali altri dati personali inseriti nella missiva. Le operazioni di trattamento di questi dati sono legate esclusivamente alla finalit\u00e0 di rispondere alle informazioni evidenziate dagli utenti, Si precisa che per quanto attiene alla loro conservazione, i dati sono tenuti solo per il tempo necessario all\u2019espletamento dello scopo medesimo e successivamente vengono cancellati. Le informazioni rilasciate vengono acquisite e gestite esclusivamente da questo studio nel rispetto dei principi di integrit\u00e0 e riservatezza dei dati.<\/p>\r\n<!-- p>COOKIES<br \/>In conformit\u00e0 al provvedimento dell\u2019Autorit\u00e0 Garante Privacy del 14\/06\/2014 si afferma che in questo sito sono presenti cookies tecnici ovvero cookie di navigazione, non sono presenti cookie analytics, cookie di funzionalit\u00e0. Nessun dato personale degli utenti viene in proposito acquisito dal sito. Non viene fatto uso di cookie per la trasmissione di informazioni di carattere personale, n\u00e9 vengono utilizzati c.d. cookie persistenti di alcun tipo, ovvero sistemi per il tracciamento degli utenti. L\u2019uso di cookie di sessione (che non vengono memorizzati in modo persistente sul computer dell\u2019utente e svaniscono con la chiusura del browser) \u00e8 strettamente limitato alla trasmissione di identificativi di sessione (costituiti da numeri casuali generati dal server) necessari per consentire l\u2019esplorazione sicura ed efficiente del sito. L\u2019impostazione dei cookie \u00e8 affidata al Web Master incaricato dall\u2019azienda ed il dominio www.anastasiapiccolamaesta.com risiede presso la server farm di un provider esterno UE.<\/p -->\r\n<p>FACOLTATIVITA\u2019 DEL CONFERIMENTO DEI DATI<br \/>A parte quanto specificato per i dati di navigazione, l\u2019utente \u00e8 libero di fornire i dati personali scrivendo nell\u2019apposito form presente nella sezione del sito \u201cCONTATTI\u201d per la richiesta di informazioni o per altre comunicazioni. Per completezza va ricordato che in alcuni casi, non oggetto dell\u2019ordinaria gestione di questo sito, l\u2019Autorit\u00e0 pu\u00f2 richiedere notizie e informazioni ai sensi del GDPR 2016\/679, ai fini di un controllo sul trattamento dei dati personali; in questi casi la risposta \u00e8 obbligatoria a pena di sanzione amministrativa.<\/p>\r\n<p>DIRITTO DEGLI INTERESSATI<br \/>Ciascun soggetto ha il diritto in qualunque momento di ottenere la conferma dell\u2019esistenza o meno dei dati e di conoscerne il contenuto e l\u2019origine, verificarne l\u2019esattezza o chiederne l\u2019integrazione o l\u2019aggiornamento, oppure la rettificazione (art. 7 GDPR 2016\/679); \u00e8 parimenti diritto di ciascun utente quello di revocare un eventuale consenso in precedenza accordato per scopi informativi o di marketing. Ai sensi del medesimo articolo si ha il diritto di chiedere la cancellazione, la trasformazione in forma anonima o il blocco dei dati trattati in violazione di legge, nonch\u00e9 di opporsi in ogni caso, per motivi legittimi, al loro trattamento. I soggetti cui si riferiscono i dati personali hanno il diritto, in qualunque momento, di ottenere<\/p>\r\n<p>La conferma o meno dell\u2019esistenza dei medesimi dati;<\/p>\r\n<p>Conoscere il contenuto degli stessi, nonch\u00e9 l\u2019origine Verificarne l\u2019esattezza;<\/p>\r\n<p>Chiederne l\u2019integrazione o l\u2019aggiornamento oppure la rettificazione (art. 7 GDPR 2016\/679);<\/p>\r\n<p>La cancellazione dei dati o il renderli in forma anonima;<\/p>\r\n<p>Bloccare i dati nonch\u00e9 opporsi, per motivi legittimi, al loro trattamento.<\/p>\r\n<p>Le richieste vanno rivolte via email all\u2019indirizzo: info@anastasiapiccolamaesta.com; girasolecivitanova@gmail.com<\/p>\r\n<p>PERIODO DI CONSERVAZIONE DEI DATI<br \/>I Dati sono trattati e conservati per il tempo richiesto dalle finalit\u00e0 per le quali sono stati raccolti. Pertanto:<\/p>\r\n<p>I Dati Personali raccolti per scopi collegati alle attivit\u00e0 da noi svolte e per le quali l\u2019Utente ha liberamente manifestato l\u2019interesse e saranno trattenuti sino a quando sia completata l\u2019esecuzione delle prestazioni richieste;<\/p>\r\n<p>I Dati Personali raccolti per finalit\u00e0 riconducibili all\u2019interesse legittimo del Titolare saranno trattenuti sino al soddisfacimento di tale interesse. L\u2019Utente pu\u00f2 ottenere ulteriori informazioni in merito all\u2019interesse legittimo perseguito dal Titolare nelle relative sezioni di questo documento o contattando il Titolare.<\/p>\r\n<p>Quando il trattamento \u00e8 basato sul consenso dell\u2019Utente, il Titolare pu\u00f2 conservare i Dati Personali pi\u00f9 a lungo sino a quando detto consenso non venga revocato. Inoltre il Titolare potrebbe essere obbligato a conservare i Dati Personali per un periodo pi\u00f9 lungo in ottemperanza ad un obbligo di legge o per ordine di un\u2019autorit\u00e0.<\/p>\r\n<p>Al termine del periodo di conservazioni i Dati Personali saranno cancellati. Pertanto, allo spirare di tale termine il diritto di accesso, cancellazione, rettificazione ed il diritto alla portabilit\u00e0 dei Dati non potranno pi\u00f9 essere esercitati.<\/p>\r\n<p>Gli unici dati che, al termine del rapporto oppure in caso di richiesta di cancellazione, dovranno essere conservati per 10 anni sono i dati contenuti nelle fatture di vendita per le finalit\u00e0 derivati dalle norme fiscali unitamente ai dati contenuti nelle comunicazioni commerciali (sia per mezzo email, pec che invio cartaceo) per adempiere a quanto stabilito dal Codice Civile ( art. 2214) in materia di comunicazione commerciale ( tempo definito in anni 10).<\/p>\r\n<p>DIRITTO ALL\u2019OBLIO<br \/>Il Titolare del Trattamento Dati rispetta il diritto all\u2019oblio dell\u2019Utente ovvero il diritto di ottenere la cancellazione dagli indici dei motori di ricerca delle informazioni che per contenuto e tempo trascorso dalla navigazione, non hanno alcuna rilevanza pubblica.<\/p>\r\n<p>Tuttavia se la richiesta di cancellazione dagli indici dei motori di ricerca dei dati \u00e8 stata accolta, chiunque pu\u00f2 impugnare la decisione davanti all\u2019autorit\u00e0 giudiziaria per garantire l\u2019interesse pubblico all\u2019informazione.<\/p>\r\n<p>DIRITTO ALL\u2019IDENTITA\u2019<br \/>Il Titolare del Trattamento Dati tutela l\u2019identit\u00e0 digitale dell\u2019Utente attraverso l\u2019attuazione di precise policy. L\u2019Utente \u00e8 tenuto, infatti, a rilasciare, nell\u2019apposito form del sito, solo le informazioni strettamente necessarie all\u2019attuazione degli scopi per cui vengono fornite.<\/p>\r\n<p>GIRASOLE S.r.l.<\/p>\r\n<h2><\/h2>\r\n","protected":false},"excerpt":{"rendered":"<p>Versione aggiornata al GDPR 2016\/679 Vers.1.0 INTRODUZIONELo scopo delle Note Legali e della Privacy Policy \u00e8 quello di garantire all\u2019Utente di poter verificare in piena trasparenza le attivit\u00e0 di trattamento dei Suoi dati nel web accanto all\u2019importanza di essersi rivolto ad una realt\u00e0 attenta alla tutela dei diritti degli Utenti, abituata alla disciplina della corretta &hellip; <a href=\"https:\/\/www.anastasiapiccolamaesta.com\/en\/privacy-policy\/\">Continued<\/a><\/p>\n","protected":false},"author":2,"featured_media":0,"parent":0,"menu_order":0,"comment_status":"closed","ping_status":"closed","template":"","meta":[],"yoast_head":"<!-- This site is optimized with the Yoast SEO plugin v17.0 - https:\/\/yoast.com\/wordpress\/plugins\/seo\/ -->\n<title>Privacy policy - Anastasia<\/title>\n<meta name=\"robots\" content=\"index, follow, max-snippet:-1, max-image-preview:large, max-video-preview:-1\" \/>\n<link rel=\"canonical\" href=\"https:\/\/www.anastasiapiccolamaesta.com\/en\/privacy-policy\/\" \/>\n<meta property=\"og:locale\" content=\"en_US\" \/>\n<meta property=\"og:type\" content=\"article\" \/>\n<meta property=\"og:title\" content=\"Privacy policy - Anastasia\" \/>\n<meta property=\"og:description\" content=\"Versione aggiornata al GDPR 2016\/679 Vers.1.0 INTRODUZIONELo scopo delle Note Legali e della Privacy Policy \u00e8 quello di garantire all\u2019Utente di poter verificare in piena trasparenza le attivit\u00e0 di trattamento dei Suoi dati nel web accanto all\u2019importanza di essersi rivolto ad una realt\u00e0 attenta alla tutela dei diritti degli Utenti, abituata alla disciplina della corretta &hellip; Continued\" \/>\n<meta property=\"og:url\" content=\"https:\/\/www.anastasiapiccolamaesta.com\/en\/privacy-policy\/\" \/>\n<meta property=\"og:site_name\" content=\"Anastasia\" \/>\n<meta property=\"og:image\" content=\"https:\/\/www.anastasiapiccolamaesta.com\/app\/uploads\/2021\/08\/01-25.jpg\" \/>\n\t<meta property=\"og:image:width\" content=\"2500\" \/>\n\t<meta property=\"og:image:height\" content=\"1406\" \/>\n<meta name=\"twitter:card\" content=\"summary_large_image\" \/>\n<meta name=\"twitter:label1\" content=\"Est. reading time\" \/>\n\t<meta name=\"twitter:data1\" content=\"10 minutes\" \/>\n<script type=\"application\/ld+json\" class=\"yoast-schema-graph\">{\"@context\":\"https:\/\/schema.org\",\"@graph\":[{\"@type\":\"WebSite\",\"@id\":\"https:\/\/www.anastasiapiccolamaesta.com\/#website\",\"url\":\"https:\/\/www.anastasiapiccolamaesta.com\/\",\"name\":\"Anastasia\",\"description\":\"Piccola Maest\\u00e0\",\"potentialAction\":[{\"@type\":\"SearchAction\",\"target\":{\"@type\":\"EntryPoint\",\"urlTemplate\":\"https:\/\/www.anastasiapiccolamaesta.com\/?s={search_term_string}\"},\"query-input\":\"required name=search_term_string\"}],\"inLanguage\":\"en-US\"},{\"@type\":\"WebPage\",\"@id\":\"https:\/\/www.anastasiapiccolamaesta.com\/en\/privacy-policy\/#webpage\",\"url\":\"https:\/\/www.anastasiapiccolamaesta.com\/en\/privacy-policy\/\",\"name\":\"Privacy policy - Anastasia\",\"isPartOf\":{\"@id\":\"https:\/\/www.anastasiapiccolamaesta.com\/#website\"},\"datePublished\":\"2021-07-06T09:09:50+00:00\",\"dateModified\":\"2021-07-06T09:09:50+00:00\",\"breadcrumb\":{\"@id\":\"https:\/\/www.anastasiapiccolamaesta.com\/en\/privacy-policy\/#breadcrumb\"},\"inLanguage\":\"en-US\",\"potentialAction\":[{\"@type\":\"ReadAction\",\"target\":[\"https:\/\/www.anastasiapiccolamaesta.com\/en\/privacy-policy\/\"]}]},{\"@type\":\"BreadcrumbList\",\"@id\":\"https:\/\/www.anastasiapiccolamaesta.com\/en\/privacy-policy\/#breadcrumb\",\"itemListElement\":[{\"@type\":\"ListItem\",\"position\":1,\"name\":\"Home\",\"item\":\"https:\/\/www.anastasiapiccolamaesta.com\/en\/\"},{\"@type\":\"ListItem\",\"position\":2,\"name\":\"Privacy policy\"}]}]}<\/script>\n<!-- \/ Yoast SEO plugin. -->","yoast_head_json":{"title":"Privacy policy - Anastasia","robots":{"index":"index","follow":"follow","max-snippet":"max-snippet:-1","max-image-preview":"max-image-preview:large","max-video-preview":"max-video-preview:-1"},"canonical":"https:\/\/www.anastasiapiccolamaesta.com\/en\/privacy-policy\/","og_locale":"en_US","og_type":"article","og_title":"Privacy policy - Anastasia","og_description":"Versione aggiornata al GDPR 2016\/679 Vers.1.0 INTRODUZIONELo scopo delle Note Legali e della Privacy Policy \u00e8 quello di garantire all\u2019Utente di poter verificare in piena trasparenza le attivit\u00e0 di trattamento dei Suoi dati nel web accanto all\u2019importanza di essersi rivolto ad una realt\u00e0 attenta alla tutela dei diritti degli Utenti, abituata alla disciplina della corretta &hellip; Continued","og_url":"https:\/\/www.anastasiapiccolamaesta.com\/en\/privacy-policy\/","og_site_name":"Anastasia","og_image":[{"width":2500,"height":1406,"url":"https:\/\/www.anastasiapiccolamaesta.com\/app\/uploads\/2021\/08\/01-25.jpg","path":"\/var\/www\/web\/web\/app\/uploads\/2021\/08\/01-25.jpg","size":"full","id":156,"alt":"","pixels":3515000,"type":"image\/jpeg"}],"twitter_card":"summary_large_image","twitter_misc":{"Est. reading time":"10 minutes"},"schema":{"@context":"https:\/\/schema.org","@graph":[{"@type":"WebSite","@id":"https:\/\/www.anastasiapiccolamaesta.com\/#website","url":"https:\/\/www.anastasiapiccolamaesta.com\/","name":"Anastasia","description":"Piccola Maest\u00e0","potentialAction":[{"@type":"SearchAction","target":{"@type":"EntryPoint","urlTemplate":"https:\/\/www.anastasiapiccolamaesta.com\/?s={search_term_string}"},"query-input":"required name=search_term_string"}],"inLanguage":"en-US"},{"@type":"WebPage","@id":"https:\/\/www.anastasiapiccolamaesta.com\/en\/privacy-policy\/#webpage","url":"https:\/\/www.anastasiapiccolamaesta.com\/en\/privacy-policy\/","name":"Privacy policy - Anastasia","isPartOf":{"@id":"https:\/\/www.anastasiapiccolamaesta.com\/#website"},"datePublished":"2021-07-06T09:09:50+00:00","dateModified":"2021-07-06T09:09:50+00:00","breadcrumb":{"@id":"https:\/\/www.anastasiapiccolamaesta.com\/en\/privacy-policy\/#breadcrumb"},"inLanguage":"en-US","potentialAction":[{"@type":"ReadAction","target":["https:\/\/www.anastasiapiccolamaesta.com\/en\/privacy-policy\/"]}]},{"@type":"BreadcrumbList","@id":"https:\/\/www.anastasiapiccolamaesta.com\/en\/privacy-policy\/#breadcrumb","itemListElement":[{"@type":"ListItem","position":1,"name":"Home","item":"https:\/\/www.anastasiapiccolamaesta.com\/en\/"},{"@type":"ListItem","position":2,"name":"Privacy policy"}]}]}},"_links":{"self":[{"href":"https:\/\/www.anastasiapiccolamaesta.com\/en\/wp-json\/wp\/v2\/pages\/746"}],"collection":[{"href":"https:\/\/www.anastasiapiccolamaesta.com\/en\/wp-json\/wp\/v2\/pages"}],"about":[{"href":"https:\/\/www.anastasiapiccolamaesta.com\/en\/wp-json\/wp\/v2\/types\/page"}],"author":[{"embeddable":true,"href":"https:\/\/www.anastasiapiccolamaesta.com\/en\/wp-json\/wp\/v2\/users\/2"}],"replies":[{"embeddable":true,"href":"https:\/\/www.anastasiapiccolamaesta.com\/en\/wp-json\/wp\/v2\/comments?post=746"}],"version-history":[{"count":0,"href":"https:\/\/www.anastasiapiccolamaesta.com\/en\/wp-json\/wp\/v2\/pages\/746\/revisions"}],"wp:attachment":[{"href":"https:\/\/www.anastasiapiccolamaesta.com\/en\/wp-json\/wp\/v2\/media?parent=746"}],"curies":[{"name":"wp","href":"https:\/\/api.w.org\/{rel}","templated":true}]}}